{"id":2905,"date":"2019-04-03T13:25:03","date_gmt":"2019-04-03T11:25:03","guid":{"rendered":"https:\/\/www.makryammos-hotel.gr\/ethos-nature\/"},"modified":"2019-04-03T13:25:08","modified_gmt":"2019-04-03T11:25:08","slug":"ethos-nature","status":"publish","type":"page","link":"https:\/\/www.makryammos-hotel.gr\/de\/ethos-nature\/","title":{"rendered":"Ethos &#038; Natur"},"content":{"rendered":"\n<p>In Makryammos ist die Natur ein gro\u00dfer Teil von dem, was wir sind: Die gesamte Region sprudelt buchst\u00e4blich vor Leben; von ihrer reichen Vegetation bis zu den einzigartigen Tierarten, denen Sie hier begegnen werden. Wenn die Besucher Gl\u00fcck haben, sehen Sie vielleicht sogar Delfine oder seltene V\u00f6gel wie Kormorane oder die europ\u00e4ische Kr\u00e4henscharbe. Es ist selbstverst\u00e4ndlich, dass wir unser Bestes geben, um mehr zu lernen und so zu handeln, dass unsere Umwelt respektiert und gesch\u00fctzt wird.<\/p>\n\n<p>Und was f\u00fcr eine Umwelt \u2026. Der Strand von Makryammos wurde mit der Blauen Flagge ausgezeichnet (Link f\u00fcr BLAUE FLAGGE WEBSEITE), was bedeutet, dass er unter hohen Umweltstandards betrieben wird. Vor der K\u00fcste ist der Meeresboden bedeckt von gro\u00dfen Fl\u00e4chen mit Neptungras (Posidonia Oceanica), die eine Vielzahl von Meeresbewohnern beherbergen. Leider ist das Neptungras anf\u00e4llig f\u00fcr Verschmutzung und verschwindet rasant aus dem Mittelmeerraum. Als Reaktion darauf sind Teile von Thassos, einschlie\u00dflich Makryammos, von immer gr\u00f6\u00dfer werdender \u00f6kologischer Bedeutung und werden im Rahmen des Netzwerkes Natura 2000 von der Europ\u00e4ischen Kommission gesch\u00fctzt.<\/p>\n\n<p>Das Hotel tritt engagiert f\u00fcr den Umweltschutz ein, und wir recyceln eine Reihe von Materialien wie Glas, Alt\u00f6l, Batterien, Metallschrott und Verpackungsmaterialien wie Papier, Aluminium, Blechdosen und Kunststoff. Ebenfalls stellen wir elektrische Autoladeger\u00e4te zur Verf\u00fcgung.<\/p>\n\n<p>Wir haben auch das ISO-Energiesystem installiert, das Energie aus nat\u00fcrlichen Quellen in Energie umwandelt, die in unserem Hotel genutzt werden kann. Umweltfreundliche Leuchten sind \u00fcberall installiert. Wir bem\u00fchen uns, Wasser so effizient wie m\u00f6glich zu nutzen. Auf der n\u00f6rdlichen Seite unseres Hotels finden Sie unser Gew\u00e4chshaus, wo Gem\u00fcse f\u00fcr unsere Taverne und Kr\u00e4uter f\u00fcr unsere Bar, unsere Taverne und unser Restaurant sowie Blumen und Str\u00e4ucher f\u00fcr unsere G\u00e4rten angebaut werden. Durch die Kompostierung k\u00f6nnen wir auf nat\u00fcrliche und effiziente Weise d\u00fcngen. Unsere Hirsche und Pfaue werden mit gem\u00e4htem Gras und Gem\u00fcseresten aus der Hotelk\u00fcche gef\u00fcttert, um sicherzustellen, dass der Abfall minimal ist.<\/p>\n\n<p>Im Mini Club gibt es viele Initiativen, um das Umweltbewusstsein zu schulen, und die Kinder werden dazu animiert, das Meer und die Natur in der Umgebung des Hotels zu erkunden. Zum Beispiel besuchen die Kinder das Gew\u00e4chshaus und sammeln Kr\u00e4uter, die sie als Andenken mit nach Hause nehmen k\u00f6nnen. Wir hoffen, dass solche Aktivit\u00e4ten Kindern dabei helfen, mehr \u00fcber die lokale Flora und Fauna und ihre Bedeutung zu erfahren.<\/p>\n\n<p>Dies sind einige der Dinge, von denen wir glauben, dass wir mit Respekt der Umwelt gegen\u00fcbertreten, und wir versuchen st\u00e4ndig, unseren t\u00e4glichen Betrieb so nachhaltig wie m\u00f6glich zu gestalten.<\/p>\n","protected":false},"excerpt":{"rendered":"<p>In Makryammos ist die Natur ein gro\u00dfer Teil von dem, was wir sind: Die gesamte Region sprudelt buchst\u00e4blich vor Leben; von ihrer reichen Vegetation bis zu den einzigartigen Tierarten, denen Sie hier begegnen werden. Wenn die Besucher Gl\u00fcck haben, sehen Sie vielleicht sogar Delfine oder seltene V\u00f6gel wie Kormorane oder die europ\u00e4ische Kr\u00e4henscharbe. Es ist [&hellip;]<\/p>\n","protected":false},"author":1,"featured_media":0,"parent":0,"menu_order":0,"comment_status":"closed","ping_status":"closed","template":"","meta":{"footnotes":""},"class_list":["post-2905","page","type-page","status-publish","hentry"],"acf":[],"_links":{"self":[{"href":"https:\/\/www.makryammos-hotel.gr\/de\/wp-json\/wp\/v2\/pages\/2905","targetHints":{"allow":["GET"]}}],"collection":[{"href":"https:\/\/www.makryammos-hotel.gr\/de\/wp-json\/wp\/v2\/pages"}],"about":[{"href":"https:\/\/www.makryammos-hotel.gr\/de\/wp-json\/wp\/v2\/types\/page"}],"author":[{"embeddable":true,"href":"https:\/\/www.makryammos-hotel.gr\/de\/wp-json\/wp\/v2\/users\/1"}],"replies":[{"embeddable":true,"href":"https:\/\/www.makryammos-hotel.gr\/de\/wp-json\/wp\/v2\/comments?post=2905"}],"version-history":[{"count":1,"href":"https:\/\/www.makryammos-hotel.gr\/de\/wp-json\/wp\/v2\/pages\/2905\/revisions"}],"predecessor-version":[{"id":2906,"href":"https:\/\/www.makryammos-hotel.gr\/de\/wp-json\/wp\/v2\/pages\/2905\/revisions\/2906"}],"wp:attachment":[{"href":"https:\/\/www.makryammos-hotel.gr\/de\/wp-json\/wp\/v2\/media?parent=2905"}],"curies":[{"name":"wp","href":"https:\/\/api.w.org\/{rel}","templated":true}]}}