{"id":808,"date":"2019-04-03T12:05:15","date_gmt":"2019-04-03T10:05:15","guid":{"rendered":"https:\/\/www.makryammos-hotel.gr\/location\/"},"modified":"2025-05-15T10:42:58","modified_gmt":"2025-05-15T08:42:58","slug":"location","status":"publish","type":"page","link":"https:\/\/www.makryammos-hotel.gr\/de\/location\/","title":{"rendered":"Lage"},"content":{"rendered":"\n<p>Die Makryammos liegen im n\u00f6rdlichen Teil der Insel Thassos, an einem Ort von seltener Sch\u00f6nheit auf einem mit Kiefern bewachsenen H\u00fcgel, der sich schlie\u00dflich in eine malerische K\u00fcste mit Blick auf die \u00c4g\u00e4is senkt. <\/p>\n","protected":false},"excerpt":{"rendered":"<p>Die Makryammos liegen im n\u00f6rdlichen Teil der Insel Thassos, an einem Ort von seltener Sch\u00f6nheit auf einem mit Kiefern bewachsenen H\u00fcgel, der sich schlie\u00dflich in eine malerische K\u00fcste mit Blick auf die \u00c4g\u00e4is senkt.<\/p>\n","protected":false},"author":1,"featured_media":0,"parent":0,"menu_order":0,"comment_status":"closed","ping_status":"closed","template":"","meta":{"footnotes":""},"class_list":["post-808","page","type-page","status-publish","hentry"],"acf":[],"_links":{"self":[{"href":"https:\/\/www.makryammos-hotel.gr\/de\/wp-json\/wp\/v2\/pages\/808","targetHints":{"allow":["GET"]}}],"collection":[{"href":"https:\/\/www.makryammos-hotel.gr\/de\/wp-json\/wp\/v2\/pages"}],"about":[{"href":"https:\/\/www.makryammos-hotel.gr\/de\/wp-json\/wp\/v2\/types\/page"}],"author":[{"embeddable":true,"href":"https:\/\/www.makryammos-hotel.gr\/de\/wp-json\/wp\/v2\/users\/1"}],"replies":[{"embeddable":true,"href":"https:\/\/www.makryammos-hotel.gr\/de\/wp-json\/wp\/v2\/comments?post=808"}],"version-history":[{"count":2,"href":"https:\/\/www.makryammos-hotel.gr\/de\/wp-json\/wp\/v2\/pages\/808\/revisions"}],"predecessor-version":[{"id":5802,"href":"https:\/\/www.makryammos-hotel.gr\/de\/wp-json\/wp\/v2\/pages\/808\/revisions\/5802"}],"wp:attachment":[{"href":"https:\/\/www.makryammos-hotel.gr\/de\/wp-json\/wp\/v2\/media?parent=808"}],"curies":[{"name":"wp","href":"https:\/\/api.w.org\/{rel}","templated":true}]}}