{"id":810,"date":"2019-04-03T12:06:57","date_gmt":"2019-04-03T10:06:57","guid":{"rendered":"https:\/\/www.makryammos-hotel.gr\/contact\/"},"modified":"2019-04-03T12:06:57","modified_gmt":"2019-04-03T10:06:57","slug":"contact","status":"publish","type":"page","link":"https:\/\/www.makryammos-hotel.gr\/de\/contact\/","title":{"rendered":"Kontakt"},"content":{"rendered":"<h1>\u00dcber die Insel<\/h1>\n<p>Die Insel Thassos liegt am n\u00f6rdlichen Ende der \u00c4g\u00e4is und ist vom Festland nur durch einen schmalen Meeresstreifen getrennt. Sie ist mit der F\u00e4hre vom Hafen von Keramoti in 45 Minuten oder vom Hafen von Kavala aus in einer Stunde zu erreichen. Wenn Sie hier ankommen, treffen Sie auf eine gr\u00fcne und h\u00fcgelige Landschaft. Die Insel besitzt eine sehr reiche Vegetation, wobei die am weitesten verbreiteten B\u00e4ume Pinien und Olivenb\u00e4ume sind. Geographisch ist das Zentrum der Insel bergig. Der h\u00f6chste Gipfel, der Mount Ipsarion, ist 1.205 Meter hoch. Den historisch Interessierten hat Thassos einzigartige arch\u00e4ologische St\u00e4tten zu bieten wie die Antike Agora, das antike Theater, das Arch\u00e4ologische Museum von Thassos und noch vieles mehr. Zu den traditionellen Produkten z\u00e4hlen Honig, Oliven und Oliven\u00f6l und nat\u00fcrlich der Thassos-Marmor.<\/p>\n","protected":false},"excerpt":{"rendered":"<p>\u00dcber die Insel Die Insel Thassos liegt am n\u00f6rdlichen Ende der \u00c4g\u00e4is und ist vom Festland nur durch einen schmalen Meeresstreifen getrennt. Sie ist mit der F\u00e4hre vom Hafen von Keramoti in 45 Minuten oder vom Hafen von Kavala aus in einer Stunde zu erreichen. Wenn Sie hier ankommen, treffen Sie auf eine gr\u00fcne und [&hellip;]<\/p>\n","protected":false},"author":1,"featured_media":0,"parent":0,"menu_order":0,"comment_status":"closed","ping_status":"closed","template":"","meta":{"footnotes":""},"class_list":["post-810","page","type-page","status-publish","hentry"],"acf":[],"_links":{"self":[{"href":"https:\/\/www.makryammos-hotel.gr\/de\/wp-json\/wp\/v2\/pages\/810","targetHints":{"allow":["GET"]}}],"collection":[{"href":"https:\/\/www.makryammos-hotel.gr\/de\/wp-json\/wp\/v2\/pages"}],"about":[{"href":"https:\/\/www.makryammos-hotel.gr\/de\/wp-json\/wp\/v2\/types\/page"}],"author":[{"embeddable":true,"href":"https:\/\/www.makryammos-hotel.gr\/de\/wp-json\/wp\/v2\/users\/1"}],"replies":[{"embeddable":true,"href":"https:\/\/www.makryammos-hotel.gr\/de\/wp-json\/wp\/v2\/comments?post=810"}],"version-history":[{"count":0,"href":"https:\/\/www.makryammos-hotel.gr\/de\/wp-json\/wp\/v2\/pages\/810\/revisions"}],"wp:attachment":[{"href":"https:\/\/www.makryammos-hotel.gr\/de\/wp-json\/wp\/v2\/media?parent=810"}],"curies":[{"name":"wp","href":"https:\/\/api.w.org\/{rel}","templated":true}]}}