{"id":2908,"date":"2019-04-03T13:36:51","date_gmt":"2019-04-03T11:36:51","guid":{"rendered":"https:\/\/www.makryammos-hotel.gr\/location\/"},"modified":"2025-05-15T10:42:58","modified_gmt":"2025-05-15T08:42:58","slug":"location","status":"publish","type":"page","link":"https:\/\/www.makryammos-hotel.gr\/fr\/location\/","title":{"rendered":"lieux"},"content":{"rendered":"\n<p>Makryammos se trouve dans la partie Nord de l\u2019\u00eele de Thassos. Le site est d\u2019une rare beaut\u00e9 naturelle, au flanc d\u2019une colline couverte de pins qui aboutit \u00e0 la c\u00f4te pittoresque, surplombant la mer \u00c9g\u00e9e. <\/p>\n","protected":false},"excerpt":{"rendered":"<p>Makryammos se trouve dans la partie Nord de l\u2019\u00eele de Thassos. Le site est d\u2019une rare beaut\u00e9 naturelle, au flanc d\u2019une colline couverte de pins qui aboutit \u00e0 la c\u00f4te pittoresque, surplombant la mer \u00c9g\u00e9e.<\/p>\n","protected":false},"author":1,"featured_media":0,"parent":0,"menu_order":0,"comment_status":"closed","ping_status":"closed","template":"","meta":{"footnotes":""},"class_list":["post-2908","page","type-page","status-publish","hentry"],"acf":[],"_links":{"self":[{"href":"https:\/\/www.makryammos-hotel.gr\/fr\/wp-json\/wp\/v2\/pages\/2908","targetHints":{"allow":["GET"]}}],"collection":[{"href":"https:\/\/www.makryammos-hotel.gr\/fr\/wp-json\/wp\/v2\/pages"}],"about":[{"href":"https:\/\/www.makryammos-hotel.gr\/fr\/wp-json\/wp\/v2\/types\/page"}],"author":[{"embeddable":true,"href":"https:\/\/www.makryammos-hotel.gr\/fr\/wp-json\/wp\/v2\/users\/1"}],"replies":[{"embeddable":true,"href":"https:\/\/www.makryammos-hotel.gr\/fr\/wp-json\/wp\/v2\/comments?post=2908"}],"version-history":[{"count":2,"href":"https:\/\/www.makryammos-hotel.gr\/fr\/wp-json\/wp\/v2\/pages\/2908\/revisions"}],"predecessor-version":[{"id":5803,"href":"https:\/\/www.makryammos-hotel.gr\/fr\/wp-json\/wp\/v2\/pages\/2908\/revisions\/5803"}],"wp:attachment":[{"href":"https:\/\/www.makryammos-hotel.gr\/fr\/wp-json\/wp\/v2\/media?parent=2908"}],"curies":[{"name":"wp","href":"https:\/\/api.w.org\/{rel}","templated":true}]}}