{"id":2910,"date":"2019-04-03T13:38:00","date_gmt":"2019-04-03T11:38:00","guid":{"rendered":"https:\/\/www.makryammos-hotel.gr\/contact\/"},"modified":"2019-04-03T13:38:00","modified_gmt":"2019-04-03T11:38:00","slug":"contact","status":"publish","type":"page","link":"https:\/\/www.makryammos-hotel.gr\/fr\/contact\/","title":{"rendered":"Contact"},"content":{"rendered":"<h1>\u00c0 propos de l\u2019\u00eele<\/h1>\n<p>L\u2019\u00eele de Thassos se trouve dans l&rsquo;extr\u00e9mit\u00e9 Nord de la mer \u00c9g\u00e9e et est s\u00e9par\u00e9e du continent par une fine bande de mer. Elle est accessible en ferry, \u00e0 45 minutes du port de Keramoti ou \u00e0 une heure du port de Kavala. En arrivant, vous trouverez un paysage verdoyant o\u00f9 se dessine une multitude de collines. L\u2019\u00eele est particuli\u00e8rement riche en flore et les arbres les plus commun\u00e9ment pr\u00e9sents sont les pins et les oliviers. Du point de vue du relief, le c\u0153ur de l\u2019\u00eele est montagneux\u00a0: au point culminant, le sommet le plus \u00e9lev\u00e9, Mont Ipsarion, atteint les 1 205 m\u00e8tres. Pour les amateurs d\u2019Histoire, Thassos propose des sites arch\u00e9ologiques uniques, tels que l\u2019ancienne Agora, le th\u00e9\u00e2tre antique, le Mus\u00e9e arch\u00e9ologique de Thassos et bien plus. La palette des produits traditionnels du pays sont, entre autres, le miel et l\u2019huile d\u2019olive, sans oublier le c\u00e9l\u00e8bre marbre de Thassos.<\/p>\n","protected":false},"excerpt":{"rendered":"<p>\u00c0 propos de l\u2019\u00eele L\u2019\u00eele de Thassos se trouve dans l&rsquo;extr\u00e9mit\u00e9 Nord de la mer \u00c9g\u00e9e et est s\u00e9par\u00e9e du continent par une fine bande de mer. Elle est accessible en ferry, \u00e0 45 minutes du port de Keramoti ou \u00e0 une heure du port de Kavala. En arrivant, vous trouverez un paysage verdoyant o\u00f9 [&hellip;]<\/p>\n","protected":false},"author":1,"featured_media":0,"parent":0,"menu_order":0,"comment_status":"closed","ping_status":"closed","template":"","meta":{"footnotes":""},"class_list":["post-2910","page","type-page","status-publish","hentry"],"acf":[],"_links":{"self":[{"href":"https:\/\/www.makryammos-hotel.gr\/fr\/wp-json\/wp\/v2\/pages\/2910","targetHints":{"allow":["GET"]}}],"collection":[{"href":"https:\/\/www.makryammos-hotel.gr\/fr\/wp-json\/wp\/v2\/pages"}],"about":[{"href":"https:\/\/www.makryammos-hotel.gr\/fr\/wp-json\/wp\/v2\/types\/page"}],"author":[{"embeddable":true,"href":"https:\/\/www.makryammos-hotel.gr\/fr\/wp-json\/wp\/v2\/users\/1"}],"replies":[{"embeddable":true,"href":"https:\/\/www.makryammos-hotel.gr\/fr\/wp-json\/wp\/v2\/comments?post=2910"}],"version-history":[{"count":0,"href":"https:\/\/www.makryammos-hotel.gr\/fr\/wp-json\/wp\/v2\/pages\/2910\/revisions"}],"wp:attachment":[{"href":"https:\/\/www.makryammos-hotel.gr\/fr\/wp-json\/wp\/v2\/media?parent=2910"}],"curies":[{"name":"wp","href":"https:\/\/api.w.org\/{rel}","templated":true}]}}