{"id":2911,"date":"2019-04-03T13:38:51","date_gmt":"2019-04-03T11:38:51","guid":{"rendered":"https:\/\/www.makryammos-hotel.gr\/rooms\/"},"modified":"2019-04-03T13:38:51","modified_gmt":"2019-04-03T11:38:51","slug":"rooms","status":"publish","type":"page","link":"https:\/\/www.makryammos-hotel.gr\/fr\/rooms\/","title":{"rendered":"Bungalows"},"content":{"rendered":"<p>Nous proposons une large gamme de chambres parmi lesquelles choisir. Elles font toutes partie de bungalows dont l\u2019architecture est inspir\u00e9e de celle du pays. R\u00e9cemment r\u00e9nov\u00e9es, elles sont dot\u00e9es de v\u00e9randas particuli\u00e8res avec vue imprenable sur la mer \u00c9g\u00e9e et les jardins de Makryammos.<\/p>\n","protected":false},"excerpt":{"rendered":"<p>Nous proposons une large gamme de chambres parmi lesquelles choisir. Elles font toutes partie de bungalows dont l\u2019architecture est inspir\u00e9e de celle du pays. R\u00e9cemment r\u00e9nov\u00e9es, elles sont dot\u00e9es de v\u00e9randas particuli\u00e8res avec vue imprenable sur la mer \u00c9g\u00e9e et les jardins de Makryammos.<\/p>\n","protected":false},"author":1,"featured_media":845,"parent":0,"menu_order":0,"comment_status":"closed","ping_status":"closed","template":"","meta":{"footnotes":""},"class_list":["post-2911","page","type-page","status-publish","has-post-thumbnail","hentry"],"acf":[],"_links":{"self":[{"href":"https:\/\/www.makryammos-hotel.gr\/fr\/wp-json\/wp\/v2\/pages\/2911","targetHints":{"allow":["GET"]}}],"collection":[{"href":"https:\/\/www.makryammos-hotel.gr\/fr\/wp-json\/wp\/v2\/pages"}],"about":[{"href":"https:\/\/www.makryammos-hotel.gr\/fr\/wp-json\/wp\/v2\/types\/page"}],"author":[{"embeddable":true,"href":"https:\/\/www.makryammos-hotel.gr\/fr\/wp-json\/wp\/v2\/users\/1"}],"replies":[{"embeddable":true,"href":"https:\/\/www.makryammos-hotel.gr\/fr\/wp-json\/wp\/v2\/comments?post=2911"}],"version-history":[{"count":0,"href":"https:\/\/www.makryammos-hotel.gr\/fr\/wp-json\/wp\/v2\/pages\/2911\/revisions"}],"wp:featuredmedia":[{"embeddable":true,"href":"https:\/\/www.makryammos-hotel.gr\/fr\/wp-json\/wp\/v2\/media\/845"}],"wp:attachment":[{"href":"https:\/\/www.makryammos-hotel.gr\/fr\/wp-json\/wp\/v2\/media?parent=2911"}],"curies":[{"name":"wp","href":"https:\/\/api.w.org\/{rel}","templated":true}]}}