{"id":3467,"date":"2019-04-03T14:09:45","date_gmt":"2019-04-03T12:09:45","guid":{"rendered":"https:\/\/www.makryammos-hotel.gr\/beach\/"},"modified":"2019-04-03T14:10:40","modified_gmt":"2019-04-03T12:10:40","slug":"beach","status":"publish","type":"page","link":"https:\/\/www.makryammos-hotel.gr\/fr\/beach\/","title":{"rendered":"La Plage"},"content":{"rendered":"\n<p>La plage de Makryammos a toujours \u00e9t\u00e9 ch\u00e9rie pour la sensation de paix qui \u00e9mane de son sable argent\u00e9 et de ses eaux \u00e9meraude peu profondes. Laissez-vous aller dans un des endroits les plus charmants de l\u2019\u00eele.<\/p>\n","protected":false},"excerpt":{"rendered":"<p>La plage de Makryammos a toujours \u00e9t\u00e9 ch\u00e9rie pour la sensation de paix qui \u00e9mane de son sable argent\u00e9 et de ses eaux \u00e9meraude peu profondes. Laissez-vous aller dans un des endroits les plus charmants de l\u2019\u00eele.<\/p>\n","protected":false},"author":1,"featured_media":2081,"parent":0,"menu_order":0,"comment_status":"closed","ping_status":"closed","template":"","meta":{"footnotes":""},"class_list":["post-3467","page","type-page","status-publish","has-post-thumbnail","hentry"],"acf":[],"_links":{"self":[{"href":"https:\/\/www.makryammos-hotel.gr\/fr\/wp-json\/wp\/v2\/pages\/3467","targetHints":{"allow":["GET"]}}],"collection":[{"href":"https:\/\/www.makryammos-hotel.gr\/fr\/wp-json\/wp\/v2\/pages"}],"about":[{"href":"https:\/\/www.makryammos-hotel.gr\/fr\/wp-json\/wp\/v2\/types\/page"}],"author":[{"embeddable":true,"href":"https:\/\/www.makryammos-hotel.gr\/fr\/wp-json\/wp\/v2\/users\/1"}],"replies":[{"embeddable":true,"href":"https:\/\/www.makryammos-hotel.gr\/fr\/wp-json\/wp\/v2\/comments?post=3467"}],"version-history":[{"count":1,"href":"https:\/\/www.makryammos-hotel.gr\/fr\/wp-json\/wp\/v2\/pages\/3467\/revisions"}],"predecessor-version":[{"id":3624,"href":"https:\/\/www.makryammos-hotel.gr\/fr\/wp-json\/wp\/v2\/pages\/3467\/revisions\/3624"}],"wp:featuredmedia":[{"embeddable":true,"href":"https:\/\/www.makryammos-hotel.gr\/fr\/wp-json\/wp\/v2\/media\/2081"}],"wp:attachment":[{"href":"https:\/\/www.makryammos-hotel.gr\/fr\/wp-json\/wp\/v2\/media?parent=3467"}],"curies":[{"name":"wp","href":"https:\/\/api.w.org\/{rel}","templated":true}]}}