{"id":3625,"date":"2019-04-03T14:12:19","date_gmt":"2019-04-03T12:12:19","guid":{"rendered":"https:\/\/www.makryammos-hotel.gr\/events\/"},"modified":"2019-04-03T14:12:22","modified_gmt":"2019-04-03T12:12:22","slug":"events","status":"publish","type":"page","link":"https:\/\/www.makryammos-hotel.gr\/fr\/events\/","title":{"rendered":"\u00c9v\u00e8nements"},"content":{"rendered":"\n<p>\u00c0 Makryammos, nous aimons veiller sur le moindre d\u00e9tail et nous assurer que votre \u00e9v\u00e8nement sera \u00e0 coup s\u00fbr un succ\u00e8s. Des mariages aux r\u00e9unions de soci\u00e9t\u00e9 et aux conf\u00e9rences, nous garantissons un \u00e9v\u00e8nement remarquable.<\/p>\n","protected":false},"excerpt":{"rendered":"<p>\u00c0 Makryammos, nous aimons veiller sur le moindre d\u00e9tail et nous assurer que votre \u00e9v\u00e8nement sera \u00e0 coup s\u00fbr un succ\u00e8s. Des mariages aux r\u00e9unions de soci\u00e9t\u00e9 et aux conf\u00e9rences, nous garantissons un \u00e9v\u00e8nement remarquable.<\/p>\n","protected":false},"author":1,"featured_media":2297,"parent":0,"menu_order":0,"comment_status":"closed","ping_status":"closed","template":"","meta":{"footnotes":""},"class_list":["post-3625","page","type-page","status-publish","has-post-thumbnail","hentry"],"acf":[],"_links":{"self":[{"href":"https:\/\/www.makryammos-hotel.gr\/fr\/wp-json\/wp\/v2\/pages\/3625","targetHints":{"allow":["GET"]}}],"collection":[{"href":"https:\/\/www.makryammos-hotel.gr\/fr\/wp-json\/wp\/v2\/pages"}],"about":[{"href":"https:\/\/www.makryammos-hotel.gr\/fr\/wp-json\/wp\/v2\/types\/page"}],"author":[{"embeddable":true,"href":"https:\/\/www.makryammos-hotel.gr\/fr\/wp-json\/wp\/v2\/users\/1"}],"replies":[{"embeddable":true,"href":"https:\/\/www.makryammos-hotel.gr\/fr\/wp-json\/wp\/v2\/comments?post=3625"}],"version-history":[{"count":1,"href":"https:\/\/www.makryammos-hotel.gr\/fr\/wp-json\/wp\/v2\/pages\/3625\/revisions"}],"predecessor-version":[{"id":3626,"href":"https:\/\/www.makryammos-hotel.gr\/fr\/wp-json\/wp\/v2\/pages\/3625\/revisions\/3626"}],"wp:featuredmedia":[{"embeddable":true,"href":"https:\/\/www.makryammos-hotel.gr\/fr\/wp-json\/wp\/v2\/media\/2297"}],"wp:attachment":[{"href":"https:\/\/www.makryammos-hotel.gr\/fr\/wp-json\/wp\/v2\/media?parent=3625"}],"curies":[{"name":"wp","href":"https:\/\/api.w.org\/{rel}","templated":true}]}}