{"id":3647,"date":"2019-04-03T14:27:56","date_gmt":"2019-04-03T12:27:56","guid":{"rendered":"https:\/\/www.makryammos-hotel.gr\/location\/"},"modified":"2025-05-15T10:43:06","modified_gmt":"2025-05-15T08:43:06","slug":"location","status":"publish","type":"page","link":"https:\/\/www.makryammos-hotel.gr\/ro\/location\/","title":{"rendered":"Loca\u021bie"},"content":{"rendered":"\n<p>Makryammos se afl\u0103 \u00een partea de nord a insulei Thassos. Este un loc de o frumuse\u021be natural\u0103 rar\u0103, situat pe un deal acoperit cu pini, care coboar\u0103 spre o coast\u0103 pitoreasc\u0103 cu vedere la Marea Egee.<\/p>\n","protected":false},"excerpt":{"rendered":"<p>Makryammos se afl\u0103 \u00een partea de nord a insulei Thassos. Este un loc de o frumuse\u021be natural\u0103 rar\u0103, situat pe un deal acoperit cu pini, care coboar\u0103 spre o coast\u0103 pitoreasc\u0103 cu vedere la Marea Egee.<\/p>\n","protected":false},"author":1,"featured_media":0,"parent":0,"menu_order":0,"comment_status":"closed","ping_status":"closed","template":"","meta":{"footnotes":""},"class_list":["post-3647","page","type-page","status-publish","hentry"],"acf":[],"_links":{"self":[{"href":"https:\/\/www.makryammos-hotel.gr\/ro\/wp-json\/wp\/v2\/pages\/3647","targetHints":{"allow":["GET"]}}],"collection":[{"href":"https:\/\/www.makryammos-hotel.gr\/ro\/wp-json\/wp\/v2\/pages"}],"about":[{"href":"https:\/\/www.makryammos-hotel.gr\/ro\/wp-json\/wp\/v2\/types\/page"}],"author":[{"embeddable":true,"href":"https:\/\/www.makryammos-hotel.gr\/ro\/wp-json\/wp\/v2\/users\/1"}],"replies":[{"embeddable":true,"href":"https:\/\/www.makryammos-hotel.gr\/ro\/wp-json\/wp\/v2\/comments?post=3647"}],"version-history":[{"count":2,"href":"https:\/\/www.makryammos-hotel.gr\/ro\/wp-json\/wp\/v2\/pages\/3647\/revisions"}],"predecessor-version":[{"id":5805,"href":"https:\/\/www.makryammos-hotel.gr\/ro\/wp-json\/wp\/v2\/pages\/3647\/revisions\/5805"}],"wp:attachment":[{"href":"https:\/\/www.makryammos-hotel.gr\/ro\/wp-json\/wp\/v2\/media?parent=3647"}],"curies":[{"name":"wp","href":"https:\/\/api.w.org\/{rel}","templated":true}]}}