{"id":3649,"date":"2019-04-03T14:28:33","date_gmt":"2019-04-03T12:28:33","guid":{"rendered":"https:\/\/www.makryammos-hotel.gr\/contact\/"},"modified":"2019-04-03T14:28:33","modified_gmt":"2019-04-03T12:28:33","slug":"contact","status":"publish","type":"page","link":"https:\/\/www.makryammos-hotel.gr\/ro\/contact\/","title":{"rendered":"Contact"},"content":{"rendered":"<h1>Despre insul\u0103<\/h1>\n<p>Insula Thassos este situat\u0103 la cap\u0103tul nordic al M\u0103rii Egee \u0219i este desp\u0103r\u021bit\u0103 de continent de o f\u00e2\u0219ie \u00eengust\u0103 de ap\u0103. Pute\u021bi ajunge pe insul\u0103 dup\u0103 o c\u0103l\u0103torie de 45 de minute cu feribotul din portul Keramoti sau o c\u0103l\u0103torie de o or\u0103 din portul Kavala. La sosire, ve\u021bi fi \u00eent\u00e2mpina\u021bi de un peisaj verde \u0219i deluros. Insula are o vegeta\u021bie foarte bogat\u0103, copacii predominan\u021bi fiind pinii \u0219i m\u0103slinii. Din punct de vedere geografic, centrul insulei este format din mun\u021bi; cel mai \u00eenalt v\u00e2rf, Muntele Ipsarion ajunge la 1.205 de metri. Pentru cei care sunt interesa\u021bi de istorie, Thassos are situri arheologice unice, cum ar fi Agora antic\u0103, teatrul antic, Muzeul de Arheologie din Thasos \u0219i multe altele. \u00cen ceea ce prive\u0219te produsele tradi\u021bionale, acestea includ mierea, m\u0103slinele \u0219i uleiul de m\u0103sline \u0219i, bine\u00een\u021beles, marmura thassian\u0103.<\/p>\n","protected":false},"excerpt":{"rendered":"<p>Despre insul\u0103 Insula Thassos este situat\u0103 la cap\u0103tul nordic al M\u0103rii Egee \u0219i este desp\u0103r\u021bit\u0103 de continent de o f\u00e2\u0219ie \u00eengust\u0103 de ap\u0103. Pute\u021bi ajunge pe insul\u0103 dup\u0103 o c\u0103l\u0103torie de 45 de minute cu feribotul din portul Keramoti sau o c\u0103l\u0103torie de o or\u0103 din portul Kavala. La sosire, ve\u021bi fi \u00eent\u00e2mpina\u021bi de un [&hellip;]<\/p>\n","protected":false},"author":1,"featured_media":0,"parent":0,"menu_order":0,"comment_status":"closed","ping_status":"closed","template":"","meta":{"footnotes":""},"class_list":["post-3649","page","type-page","status-publish","hentry"],"acf":[],"_links":{"self":[{"href":"https:\/\/www.makryammos-hotel.gr\/ro\/wp-json\/wp\/v2\/pages\/3649","targetHints":{"allow":["GET"]}}],"collection":[{"href":"https:\/\/www.makryammos-hotel.gr\/ro\/wp-json\/wp\/v2\/pages"}],"about":[{"href":"https:\/\/www.makryammos-hotel.gr\/ro\/wp-json\/wp\/v2\/types\/page"}],"author":[{"embeddable":true,"href":"https:\/\/www.makryammos-hotel.gr\/ro\/wp-json\/wp\/v2\/users\/1"}],"replies":[{"embeddable":true,"href":"https:\/\/www.makryammos-hotel.gr\/ro\/wp-json\/wp\/v2\/comments?post=3649"}],"version-history":[{"count":0,"href":"https:\/\/www.makryammos-hotel.gr\/ro\/wp-json\/wp\/v2\/pages\/3649\/revisions"}],"wp:attachment":[{"href":"https:\/\/www.makryammos-hotel.gr\/ro\/wp-json\/wp\/v2\/media?parent=3649"}],"curies":[{"name":"wp","href":"https:\/\/api.w.org\/{rel}","templated":true}]}}