{"id":3650,"date":"2019-04-03T14:57:49","date_gmt":"2019-04-03T12:57:49","guid":{"rendered":"https:\/\/www.makryammos-hotel.gr\/rooms\/"},"modified":"2019-04-03T14:57:49","modified_gmt":"2019-04-03T12:57:49","slug":"rooms","status":"publish","type":"page","link":"https:\/\/www.makryammos-hotel.gr\/ro\/rooms\/","title":{"rendered":"Bungalourile"},"content":{"rendered":"<p>Oferim o gam\u0103 larg\u0103 de camere, toate \u00een bungalouri construite din piatr\u0103, inspirate de arhitectura local\u0103. Recent renovate, acestea dispun de verande private cu priveli\u0219ti \u00eenc\u00e2nt\u0103toare ale M\u0103rii Egee \u0219i ale gr\u0103dinilor din Makryammos.<\/p>\n","protected":false},"excerpt":{"rendered":"<p>Oferim o gam\u0103 larg\u0103 de camere, toate \u00een bungalouri construite din piatr\u0103, inspirate de arhitectura local\u0103. Recent renovate, acestea dispun de verande private cu priveli\u0219ti \u00eenc\u00e2nt\u0103toare ale M\u0103rii Egee \u0219i ale gr\u0103dinilor din Makryammos.<\/p>\n","protected":false},"author":1,"featured_media":846,"parent":0,"menu_order":0,"comment_status":"closed","ping_status":"closed","template":"","meta":{"footnotes":""},"class_list":["post-3650","page","type-page","status-publish","has-post-thumbnail","hentry"],"acf":[],"_links":{"self":[{"href":"https:\/\/www.makryammos-hotel.gr\/ro\/wp-json\/wp\/v2\/pages\/3650","targetHints":{"allow":["GET"]}}],"collection":[{"href":"https:\/\/www.makryammos-hotel.gr\/ro\/wp-json\/wp\/v2\/pages"}],"about":[{"href":"https:\/\/www.makryammos-hotel.gr\/ro\/wp-json\/wp\/v2\/types\/page"}],"author":[{"embeddable":true,"href":"https:\/\/www.makryammos-hotel.gr\/ro\/wp-json\/wp\/v2\/users\/1"}],"replies":[{"embeddable":true,"href":"https:\/\/www.makryammos-hotel.gr\/ro\/wp-json\/wp\/v2\/comments?post=3650"}],"version-history":[{"count":0,"href":"https:\/\/www.makryammos-hotel.gr\/ro\/wp-json\/wp\/v2\/pages\/3650\/revisions"}],"wp:featuredmedia":[{"embeddable":true,"href":"https:\/\/www.makryammos-hotel.gr\/ro\/wp-json\/wp\/v2\/media\/846"}],"wp:attachment":[{"href":"https:\/\/www.makryammos-hotel.gr\/ro\/wp-json\/wp\/v2\/media?parent=3650"}],"curies":[{"name":"wp","href":"https:\/\/api.w.org\/{rel}","templated":true}]}}