{"id":3658,"date":"2019-04-03T15:11:33","date_gmt":"2019-04-03T13:11:33","guid":{"rendered":"https:\/\/www.makryammos-hotel.gr\/dining-bars\/"},"modified":"2025-05-14T20:32:13","modified_gmt":"2025-05-14T18:32:13","slug":"dining-bars","status":"publish","type":"page","link":"https:\/\/www.makryammos-hotel.gr\/ro\/dining-bars\/","title":{"rendered":"Restaurante \u0219i baruri"},"content":{"rendered":"\n<p>Restaurantele din Makryammos promit o c\u0103l\u0103torie gastronomic\u0103 \u00een buc\u0103t\u0103ria greceasc\u0103 \u0219i interna\u021bional\u0103. \u0218i \u00een ceea ce prive\u0219te barurile noastre: pline de atmosfer\u0103, relaxante, distractive, toate acestea \u00een acela\u0219i timp.<\/p>\n","protected":false},"excerpt":{"rendered":"<p>Restaurantele din Makryammos promit o c\u0103l\u0103torie gastronomic\u0103 \u00een buc\u0103t\u0103ria greceasc\u0103 \u0219i interna\u021bional\u0103. \u0218i \u00een ceea ce prive\u0219te barurile noastre: pline de atmosfer\u0103, relaxante, distractive, toate acestea \u00een acela\u0219i timp.<\/p>\n","protected":false},"author":1,"featured_media":3217,"parent":0,"menu_order":0,"comment_status":"closed","ping_status":"closed","template":"","meta":{"footnotes":""},"class_list":["post-3658","page","type-page","status-publish","has-post-thumbnail","hentry"],"acf":[],"_links":{"self":[{"href":"https:\/\/www.makryammos-hotel.gr\/ro\/wp-json\/wp\/v2\/pages\/3658","targetHints":{"allow":["GET"]}}],"collection":[{"href":"https:\/\/www.makryammos-hotel.gr\/ro\/wp-json\/wp\/v2\/pages"}],"about":[{"href":"https:\/\/www.makryammos-hotel.gr\/ro\/wp-json\/wp\/v2\/types\/page"}],"author":[{"embeddable":true,"href":"https:\/\/www.makryammos-hotel.gr\/ro\/wp-json\/wp\/v2\/users\/1"}],"replies":[{"embeddable":true,"href":"https:\/\/www.makryammos-hotel.gr\/ro\/wp-json\/wp\/v2\/comments?post=3658"}],"version-history":[{"count":1,"href":"https:\/\/www.makryammos-hotel.gr\/ro\/wp-json\/wp\/v2\/pages\/3658\/revisions"}],"predecessor-version":[{"id":3659,"href":"https:\/\/www.makryammos-hotel.gr\/ro\/wp-json\/wp\/v2\/pages\/3658\/revisions\/3659"}],"wp:featuredmedia":[{"embeddable":true,"href":"https:\/\/www.makryammos-hotel.gr\/ro\/wp-json\/wp\/v2\/media\/3217"}],"wp:attachment":[{"href":"https:\/\/www.makryammos-hotel.gr\/ro\/wp-json\/wp\/v2\/media?parent=3658"}],"curies":[{"name":"wp","href":"https:\/\/api.w.org\/{rel}","templated":true}]}}