{"id":3820,"date":"2019-04-04T09:54:20","date_gmt":"2019-04-04T07:54:20","guid":{"rendered":"https:\/\/www.makryammos-hotel.gr\/location\/"},"modified":"2025-05-15T10:43:16","modified_gmt":"2025-05-15T08:43:16","slug":"location","status":"publish","type":"page","link":"https:\/\/www.makryammos-hotel.gr\/tr\/location\/","title":{"rendered":"Yeri"},"content":{"rendered":"\n<p>Makryammos, Thassos adas\u0131n\u0131n kuzey b\u00f6lgesinde yer al\u0131r. Buras\u0131, Ege Denizi\u2019ne bakan g\u00f6rmeye de\u011fer bir sahile uzanan, \u00e7am a\u011fa\u00e7lar\u0131yla \u00f6rt\u00fcl\u00fc bir yama\u00e7 \u00fczerinde yer alan nadir bulunur bir do\u011fal g\u00fczelliktir.<\/p>\n","protected":false},"excerpt":{"rendered":"<p>Makryammos, Thassos adas\u0131n\u0131n kuzey b\u00f6lgesinde yer al\u0131r. Buras\u0131, Ege Denizi\u2019ne bakan g\u00f6rmeye de\u011fer bir sahile uzanan, \u00e7am a\u011fa\u00e7lar\u0131yla \u00f6rt\u00fcl\u00fc bir yama\u00e7 \u00fczerinde yer alan nadir bulunur bir do\u011fal g\u00fczelliktir.<\/p>\n","protected":false},"author":1,"featured_media":0,"parent":0,"menu_order":0,"comment_status":"closed","ping_status":"closed","template":"","meta":{"footnotes":""},"class_list":["post-3820","page","type-page","status-publish","hentry"],"acf":[],"_links":{"self":[{"href":"https:\/\/www.makryammos-hotel.gr\/tr\/wp-json\/wp\/v2\/pages\/3820","targetHints":{"allow":["GET"]}}],"collection":[{"href":"https:\/\/www.makryammos-hotel.gr\/tr\/wp-json\/wp\/v2\/pages"}],"about":[{"href":"https:\/\/www.makryammos-hotel.gr\/tr\/wp-json\/wp\/v2\/types\/page"}],"author":[{"embeddable":true,"href":"https:\/\/www.makryammos-hotel.gr\/tr\/wp-json\/wp\/v2\/users\/1"}],"replies":[{"embeddable":true,"href":"https:\/\/www.makryammos-hotel.gr\/tr\/wp-json\/wp\/v2\/comments?post=3820"}],"version-history":[{"count":2,"href":"https:\/\/www.makryammos-hotel.gr\/tr\/wp-json\/wp\/v2\/pages\/3820\/revisions"}],"predecessor-version":[{"id":5807,"href":"https:\/\/www.makryammos-hotel.gr\/tr\/wp-json\/wp\/v2\/pages\/3820\/revisions\/5807"}],"wp:attachment":[{"href":"https:\/\/www.makryammos-hotel.gr\/tr\/wp-json\/wp\/v2\/media?parent=3820"}],"curies":[{"name":"wp","href":"https:\/\/api.w.org\/{rel}","templated":true}]}}