{"id":3822,"date":"2019-04-04T09:55:06","date_gmt":"2019-04-04T07:55:06","guid":{"rendered":"https:\/\/www.makryammos-hotel.gr\/contact\/"},"modified":"2019-04-04T09:55:06","modified_gmt":"2019-04-04T07:55:06","slug":"contact","status":"publish","type":"page","link":"https:\/\/www.makryammos-hotel.gr\/tr\/contact\/","title":{"rendered":"Contact"},"content":{"rendered":"<h1>Ada Hakk\u0131nda<\/h1>\n<p>Thassos Adas\u0131, Ege Denizi\u2019nin kuzey ucunda yer al\u0131r ve ana kara ile aras\u0131nda ince bir deniz \u015feridi bulunur. Feribotla, Keramoti Liman\u0131\u2019ndan 45 dakikal\u0131k veya Kavala Liman\u0131\u2019ndan 1 saatlik bir yolculukla buraya ula\u015fabilirsiniz. Sizi ye\u015fil ve tepelerle kapl\u0131 bir manzara kar\u015f\u0131lar. Ada zengin bir bitki \u00f6rt\u00fcs\u00fcne sahip olup, \u00e7am ve zeytin a\u011fa\u00e7lar\u0131 en s\u0131k g\u00f6rece\u011finiz t\u00fcrlerdir. Co\u011frafi olarak adan\u0131n merkezi da\u011fl\u0131kt\u0131r; en y\u00fcksek zirvesi olan Ipsarion Da\u011f\u0131 1.205 metre y\u00fcksekli\u011findedir. Tarih merakl\u0131lar\u0131 i\u00e7in Thassos, Tarihi Agora, antik tiyatro, Thassos Arkeoloji M\u00fczesi ve \u00e7ok daha fazlas\u0131 ile benzersiz arkeolojik mek\u00e2nlara ev sahipli\u011fi yapar. Geleneksel \u00fcr\u00fcnler aras\u0131nda bal, zeytin ve zeytinya\u011f\u0131 ve elbette Thassos mermeri say\u0131labilir.<\/p>\n","protected":false},"excerpt":{"rendered":"<p>Ada Hakk\u0131nda Thassos Adas\u0131, Ege Denizi\u2019nin kuzey ucunda yer al\u0131r ve ana kara ile aras\u0131nda ince bir deniz \u015feridi bulunur. Feribotla, Keramoti Liman\u0131\u2019ndan 45 dakikal\u0131k veya Kavala Liman\u0131\u2019ndan 1 saatlik bir yolculukla buraya ula\u015fabilirsiniz. Sizi ye\u015fil ve tepelerle kapl\u0131 bir manzara kar\u015f\u0131lar. Ada zengin bir bitki \u00f6rt\u00fcs\u00fcne sahip olup, \u00e7am ve zeytin a\u011fa\u00e7lar\u0131 en s\u0131k [&hellip;]<\/p>\n","protected":false},"author":1,"featured_media":0,"parent":0,"menu_order":0,"comment_status":"closed","ping_status":"closed","template":"","meta":{"footnotes":""},"class_list":["post-3822","page","type-page","status-publish","hentry"],"acf":[],"_links":{"self":[{"href":"https:\/\/www.makryammos-hotel.gr\/tr\/wp-json\/wp\/v2\/pages\/3822","targetHints":{"allow":["GET"]}}],"collection":[{"href":"https:\/\/www.makryammos-hotel.gr\/tr\/wp-json\/wp\/v2\/pages"}],"about":[{"href":"https:\/\/www.makryammos-hotel.gr\/tr\/wp-json\/wp\/v2\/types\/page"}],"author":[{"embeddable":true,"href":"https:\/\/www.makryammos-hotel.gr\/tr\/wp-json\/wp\/v2\/users\/1"}],"replies":[{"embeddable":true,"href":"https:\/\/www.makryammos-hotel.gr\/tr\/wp-json\/wp\/v2\/comments?post=3822"}],"version-history":[{"count":0,"href":"https:\/\/www.makryammos-hotel.gr\/tr\/wp-json\/wp\/v2\/pages\/3822\/revisions"}],"wp:attachment":[{"href":"https:\/\/www.makryammos-hotel.gr\/tr\/wp-json\/wp\/v2\/media?parent=3822"}],"curies":[{"name":"wp","href":"https:\/\/api.w.org\/{rel}","templated":true}]}}