{"id":3823,"date":"2019-04-04T09:56:00","date_gmt":"2019-04-04T07:56:00","guid":{"rendered":"https:\/\/www.makryammos-hotel.gr\/rooms\/"},"modified":"2019-04-04T09:56:00","modified_gmt":"2019-04-04T07:56:00","slug":"rooms","status":"publish","type":"page","link":"https:\/\/www.makryammos-hotel.gr\/tr\/rooms\/","title":{"rendered":"Bungalovlar"},"content":{"rendered":"<p>Yerel mimariden esinlenilmi\u015f ta\u015ftan bungalovlardaki \u00e7ok \u00e7e\u015fitli odalar\u0131m\u0131zla size geni\u015f bir se\u00e7enek yelpazesi sunuyoruz. K\u0131sa s\u00fcre \u00f6nce yenilenmi\u015f bungalovlar\u0131m\u0131z, Ege Denizi ve Makryammos bah\u00e7elerinin davetk\u00e2r manzaralar\u0131n\u0131 sunan \u00f6zel verandalara sahiptir.<\/p>\n","protected":false},"excerpt":{"rendered":"<p>Yerel mimariden esinlenilmi\u015f ta\u015ftan bungalovlardaki \u00e7ok \u00e7e\u015fitli odalar\u0131m\u0131zla size geni\u015f bir se\u00e7enek yelpazesi sunuyoruz. K\u0131sa s\u00fcre \u00f6nce yenilenmi\u015f bungalovlar\u0131m\u0131z, Ege Denizi ve Makryammos bah\u00e7elerinin davetk\u00e2r manzaralar\u0131n\u0131 sunan \u00f6zel verandalara sahiptir.<\/p>\n","protected":false},"author":1,"featured_media":848,"parent":0,"menu_order":0,"comment_status":"closed","ping_status":"closed","template":"","meta":{"footnotes":""},"class_list":["post-3823","page","type-page","status-publish","has-post-thumbnail","hentry"],"acf":[],"_links":{"self":[{"href":"https:\/\/www.makryammos-hotel.gr\/tr\/wp-json\/wp\/v2\/pages\/3823","targetHints":{"allow":["GET"]}}],"collection":[{"href":"https:\/\/www.makryammos-hotel.gr\/tr\/wp-json\/wp\/v2\/pages"}],"about":[{"href":"https:\/\/www.makryammos-hotel.gr\/tr\/wp-json\/wp\/v2\/types\/page"}],"author":[{"embeddable":true,"href":"https:\/\/www.makryammos-hotel.gr\/tr\/wp-json\/wp\/v2\/users\/1"}],"replies":[{"embeddable":true,"href":"https:\/\/www.makryammos-hotel.gr\/tr\/wp-json\/wp\/v2\/comments?post=3823"}],"version-history":[{"count":0,"href":"https:\/\/www.makryammos-hotel.gr\/tr\/wp-json\/wp\/v2\/pages\/3823\/revisions"}],"wp:featuredmedia":[{"embeddable":true,"href":"https:\/\/www.makryammos-hotel.gr\/tr\/wp-json\/wp\/v2\/media\/848"}],"wp:attachment":[{"href":"https:\/\/www.makryammos-hotel.gr\/tr\/wp-json\/wp\/v2\/media?parent=3823"}],"curies":[{"name":"wp","href":"https:\/\/api.w.org\/{rel}","templated":true}]}}