{"id":3831,"date":"2019-04-04T10:18:55","date_gmt":"2019-04-04T08:18:55","guid":{"rendered":"https:\/\/www.makryammos-hotel.gr\/dining-bars\/"},"modified":"2025-05-14T20:32:22","modified_gmt":"2025-05-14T18:32:22","slug":"dining-bars","status":"publish","type":"page","link":"https:\/\/www.makryammos-hotel.gr\/tr\/dining-bars\/","title":{"rendered":"Yeme \u0130\u00e7me"},"content":{"rendered":"\n<p>Makryammos\u2019taki yemek deneyimi, Yunan mutfa\u011f\u0131nda ve uluslararas\u0131 mutfaklarda \u00e7\u0131kaca\u011f\u0131n\u0131z bir gastronomi yolculu\u011fu vaat ediyor. Ve barlar\u0131m\u0131z; havadar, rahatlat\u0131c\u0131, e\u011flenceli. Hepsi bir arada.<\/p>\n","protected":false},"excerpt":{"rendered":"<p>Makryammos\u2019taki yemek deneyimi, Yunan mutfa\u011f\u0131nda ve uluslararas\u0131 mutfaklarda \u00e7\u0131kaca\u011f\u0131n\u0131z bir gastronomi yolculu\u011fu vaat ediyor. Ve barlar\u0131m\u0131z; havadar, rahatlat\u0131c\u0131, e\u011flenceli. Hepsi bir arada.<\/p>\n","protected":false},"author":1,"featured_media":3219,"parent":0,"menu_order":0,"comment_status":"closed","ping_status":"closed","template":"","meta":{"footnotes":""},"class_list":["post-3831","page","type-page","status-publish","has-post-thumbnail","hentry"],"acf":[],"_links":{"self":[{"href":"https:\/\/www.makryammos-hotel.gr\/tr\/wp-json\/wp\/v2\/pages\/3831","targetHints":{"allow":["GET"]}}],"collection":[{"href":"https:\/\/www.makryammos-hotel.gr\/tr\/wp-json\/wp\/v2\/pages"}],"about":[{"href":"https:\/\/www.makryammos-hotel.gr\/tr\/wp-json\/wp\/v2\/types\/page"}],"author":[{"embeddable":true,"href":"https:\/\/www.makryammos-hotel.gr\/tr\/wp-json\/wp\/v2\/users\/1"}],"replies":[{"embeddable":true,"href":"https:\/\/www.makryammos-hotel.gr\/tr\/wp-json\/wp\/v2\/comments?post=3831"}],"version-history":[{"count":1,"href":"https:\/\/www.makryammos-hotel.gr\/tr\/wp-json\/wp\/v2\/pages\/3831\/revisions"}],"predecessor-version":[{"id":3832,"href":"https:\/\/www.makryammos-hotel.gr\/tr\/wp-json\/wp\/v2\/pages\/3831\/revisions\/3832"}],"wp:featuredmedia":[{"embeddable":true,"href":"https:\/\/www.makryammos-hotel.gr\/tr\/wp-json\/wp\/v2\/media\/3219"}],"wp:attachment":[{"href":"https:\/\/www.makryammos-hotel.gr\/tr\/wp-json\/wp\/v2\/media?parent=3831"}],"curies":[{"name":"wp","href":"https:\/\/api.w.org\/{rel}","templated":true}]}}