{"id":3839,"date":"2019-04-04T10:30:24","date_gmt":"2019-04-04T08:30:24","guid":{"rendered":"https:\/\/www.makryammos-hotel.gr\/beach\/"},"modified":"2019-04-04T10:30:29","modified_gmt":"2019-04-04T08:30:29","slug":"beach","status":"publish","type":"page","link":"https:\/\/www.makryammos-hotel.gr\/tr\/beach\/","title":{"rendered":"Sahil"},"content":{"rendered":"\n<p>Makryammos sahili, g\u00fcm\u00fc\u015f kumlar\u0131 ve z\u00fcmr\u00fct rengi s\u0131\u011f sular\u0131n\u0131n verdi\u011fi dinginlik hissiyle \u00fcnl\u00fcd\u00fcr. Kendinizi adan\u0131n en cezbedici yerlerinden birine b\u0131rak\u0131n.<\/p>\n","protected":false},"excerpt":{"rendered":"<p>Makryammos sahili, g\u00fcm\u00fc\u015f kumlar\u0131 ve z\u00fcmr\u00fct rengi s\u0131\u011f sular\u0131n\u0131n verdi\u011fi dinginlik hissiyle \u00fcnl\u00fcd\u00fcr. Kendinizi adan\u0131n en cezbedici yerlerinden birine b\u0131rak\u0131n.<\/p>\n","protected":false},"author":1,"featured_media":3527,"parent":0,"menu_order":0,"comment_status":"closed","ping_status":"closed","template":"","meta":{"footnotes":""},"class_list":["post-3839","page","type-page","status-publish","has-post-thumbnail","hentry"],"acf":[],"_links":{"self":[{"href":"https:\/\/www.makryammos-hotel.gr\/tr\/wp-json\/wp\/v2\/pages\/3839","targetHints":{"allow":["GET"]}}],"collection":[{"href":"https:\/\/www.makryammos-hotel.gr\/tr\/wp-json\/wp\/v2\/pages"}],"about":[{"href":"https:\/\/www.makryammos-hotel.gr\/tr\/wp-json\/wp\/v2\/types\/page"}],"author":[{"embeddable":true,"href":"https:\/\/www.makryammos-hotel.gr\/tr\/wp-json\/wp\/v2\/users\/1"}],"replies":[{"embeddable":true,"href":"https:\/\/www.makryammos-hotel.gr\/tr\/wp-json\/wp\/v2\/comments?post=3839"}],"version-history":[{"count":1,"href":"https:\/\/www.makryammos-hotel.gr\/tr\/wp-json\/wp\/v2\/pages\/3839\/revisions"}],"predecessor-version":[{"id":3840,"href":"https:\/\/www.makryammos-hotel.gr\/tr\/wp-json\/wp\/v2\/pages\/3839\/revisions\/3840"}],"wp:featuredmedia":[{"embeddable":true,"href":"https:\/\/www.makryammos-hotel.gr\/tr\/wp-json\/wp\/v2\/media\/3527"}],"wp:attachment":[{"href":"https:\/\/www.makryammos-hotel.gr\/tr\/wp-json\/wp\/v2\/media?parent=3839"}],"curies":[{"name":"wp","href":"https:\/\/api.w.org\/{rel}","templated":true}]}}