{"id":3841,"date":"2019-04-04T10:32:19","date_gmt":"2019-04-04T08:32:19","guid":{"rendered":"https:\/\/www.makryammos-hotel.gr\/events\/"},"modified":"2019-04-04T10:32:20","modified_gmt":"2019-04-04T08:32:20","slug":"events","status":"publish","type":"page","link":"https:\/\/www.makryammos-hotel.gr\/tr\/events\/","title":{"rendered":"Etkinlikler"},"content":{"rendered":"\n<p>Makryammos\u2019ta en ince ayr\u0131nt\u0131lar\u0131 bile dikkatle d\u00fc\u015f\u00fcnd\u00fck ve etkinli\u011finizin kusursuz ge\u00e7mesi i\u00e7in elimizden gelen her \u015feyi yap\u0131yoruz. D\u00fc\u011f\u00fcnlerden sosyal bulu\u015fmalara ve konferanslara, unutulmaz bir etkinli\u011fi garanti ediyoruz.<\/p>\n","protected":false},"excerpt":{"rendered":"<p>Makryammos\u2019ta en ince ayr\u0131nt\u0131lar\u0131 bile dikkatle d\u00fc\u015f\u00fcnd\u00fck ve etkinli\u011finizin kusursuz ge\u00e7mesi i\u00e7in elimizden gelen her \u015feyi yap\u0131yoruz. D\u00fc\u011f\u00fcnlerden sosyal bulu\u015fmalara ve konferanslara, unutulmaz bir etkinli\u011fi garanti ediyoruz.<\/p>\n","protected":false},"author":1,"featured_media":2300,"parent":0,"menu_order":0,"comment_status":"closed","ping_status":"closed","template":"","meta":{"footnotes":""},"class_list":["post-3841","page","type-page","status-publish","has-post-thumbnail","hentry"],"acf":[],"_links":{"self":[{"href":"https:\/\/www.makryammos-hotel.gr\/tr\/wp-json\/wp\/v2\/pages\/3841","targetHints":{"allow":["GET"]}}],"collection":[{"href":"https:\/\/www.makryammos-hotel.gr\/tr\/wp-json\/wp\/v2\/pages"}],"about":[{"href":"https:\/\/www.makryammos-hotel.gr\/tr\/wp-json\/wp\/v2\/types\/page"}],"author":[{"embeddable":true,"href":"https:\/\/www.makryammos-hotel.gr\/tr\/wp-json\/wp\/v2\/users\/1"}],"replies":[{"embeddable":true,"href":"https:\/\/www.makryammos-hotel.gr\/tr\/wp-json\/wp\/v2\/comments?post=3841"}],"version-history":[{"count":1,"href":"https:\/\/www.makryammos-hotel.gr\/tr\/wp-json\/wp\/v2\/pages\/3841\/revisions"}],"predecessor-version":[{"id":3842,"href":"https:\/\/www.makryammos-hotel.gr\/tr\/wp-json\/wp\/v2\/pages\/3841\/revisions\/3842"}],"wp:featuredmedia":[{"embeddable":true,"href":"https:\/\/www.makryammos-hotel.gr\/tr\/wp-json\/wp\/v2\/media\/2300"}],"wp:attachment":[{"href":"https:\/\/www.makryammos-hotel.gr\/tr\/wp-json\/wp\/v2\/media?parent=3841"}],"curies":[{"name":"wp","href":"https:\/\/api.w.org\/{rel}","templated":true}]}}