{"id":3850,"date":"2019-04-04T10:37:54","date_gmt":"2019-04-04T08:37:54","guid":{"rendered":"https:\/\/www.makryammos-hotel.gr\/careers\/"},"modified":"2025-05-14T14:32:58","modified_gmt":"2025-05-14T12:32:58","slug":"careers","status":"publish","type":"page","link":"https:\/\/www.makryammos-hotel.gr\/tr\/careers\/","title":{"rendered":"Kariyer"},"content":{"rendered":"\n<p>Makryammos i\u015f ba\u015fvurusu yapmak i\u00e7in l\u00fctfen \u015fu basamaklar\u0131 izleyerek a\u015fa\u011f\u0131daki formu doldurun ve g\u00f6nder d\u00fc\u011fmesine t\u0131klay\u0131n.<\/p>\n\n\n\n<a href=\"http:\/\/www.makryammos-hotel.gr\/careers\/makryammos_forma_active\/\" class=\"careers__pdf-button\">PDF<\/a> <a href=\"http:\/\/www.makryammos-hotel.gr\/aitisi\/\" class=\"careers__doc-button\">Word<\/a>\n","protected":false},"excerpt":{"rendered":"<p>Makryammos i\u015f ba\u015fvurusu yapmak i\u00e7in l\u00fctfen \u015fu basamaklar\u0131 izleyerek a\u015fa\u011f\u0131daki formu doldurun ve g\u00f6nder d\u00fc\u011fmesine t\u0131klay\u0131n. PDF Word<\/p>\n","protected":false},"author":1,"featured_media":0,"parent":0,"menu_order":0,"comment_status":"closed","ping_status":"closed","template":"","meta":{"footnotes":""},"class_list":["post-3850","page","type-page","status-publish","hentry"],"acf":[],"_links":{"self":[{"href":"https:\/\/www.makryammos-hotel.gr\/tr\/wp-json\/wp\/v2\/pages\/3850","targetHints":{"allow":["GET"]}}],"collection":[{"href":"https:\/\/www.makryammos-hotel.gr\/tr\/wp-json\/wp\/v2\/pages"}],"about":[{"href":"https:\/\/www.makryammos-hotel.gr\/tr\/wp-json\/wp\/v2\/types\/page"}],"author":[{"embeddable":true,"href":"https:\/\/www.makryammos-hotel.gr\/tr\/wp-json\/wp\/v2\/users\/1"}],"replies":[{"embeddable":true,"href":"https:\/\/www.makryammos-hotel.gr\/tr\/wp-json\/wp\/v2\/comments?post=3850"}],"version-history":[{"count":2,"href":"https:\/\/www.makryammos-hotel.gr\/tr\/wp-json\/wp\/v2\/pages\/3850\/revisions"}],"predecessor-version":[{"id":5815,"href":"https:\/\/www.makryammos-hotel.gr\/tr\/wp-json\/wp\/v2\/pages\/3850\/revisions\/5815"}],"wp:attachment":[{"href":"https:\/\/www.makryammos-hotel.gr\/tr\/wp-json\/wp\/v2\/media?parent=3850"}],"curies":[{"name":"wp","href":"https:\/\/api.w.org\/{rel}","templated":true}]}}